{"id":1641,"date":"2021-12-01T20:02:25","date_gmt":"2021-12-01T19:02:25","guid":{"rendered":"https:\/\/lerubanjaune.fr\/index.php\/produit\/pochette-k-do\/"},"modified":"2021-12-01T20:02:25","modified_gmt":"2021-12-01T19:02:25","slug":"pochette-k-do","status":"publish","type":"product","link":"https:\/\/lerubanjaune.fr\/index.php\/produit\/pochette-k-do\/","title":{"rendered":"Pochette K-do"},"content":{"rendered":"<p>Vous en avez assez de la pile d&#8217;emballages cadeaux retrouv\u00e9s apr\u00e8s chaque anniversaire ?<\/p>\n<p>Investissez dans des pochettes cadeaux durables \ud83c\udf31<\/p>\n<p>Disponibles en trois tailles diff\u00e9rentes elles combleront facilement vos besoins.<\/p>\n<p>Taille 1 : 11,5cm X 19,5cm \u2728 jeu de cartes, bijoux, cosm\u00e9tiques\u2026<br \/>\nTaille 2 : 21,5cm X 23cm \u2728 livres de poches, petite peluche, DVD, jeux vid\u00e9o\u2026<br \/>\nTaille 3 : 26,5cm X 31cm \u2728 grand livre, v\u00eatements, jouets\u2026<\/p>\n<p>\ud83d\udc99 Couleur 1 &#8211; petites fleurs bleues  \ud83d\udc99 100% coton <\/p>\n<p>\u26a1\ufe0f Fabrication artisanale &#038; limit\u00e9e pouvant l\u00e9g\u00e8rement varier de la photographie.<\/p>\n<p>\ud83d\udec1 Lavage doux \u00e0 30\u00b0C \/ repassage doux<\/p>\n","protected":false},"excerpt":{"rendered":"<p>Vous en avez assez de la pile d&#8217;emballages cadeaux retrouv\u00e9s apr\u00e8s chaque anniversaire ? Investissez dans des pochettes cadeaux durables \ud83c\udf31 Disponibles en trois tailles diff\u00e9rentes elles combleront facilement vos&#8230;<\/p>\n","protected":false},"featured_media":1640,"comment_status":"open","ping_status":"closed","template":"","meta":[],"product_cat":[15],"product_tag":[31,33],"class_list":{"0":"post-1641","1":"product","2":"type-product","3":"status-publish","4":"has-post-thumbnail","6":"product_cat-non-classe","7":"product_tag-pochette_cadeau","8":"product_tag-zero_dechet"},"_links":{"self":[{"href":"https:\/\/lerubanjaune.fr\/index.php\/wp-json\/wp\/v2\/product\/1641","targetHints":{"allow":["GET"]}}],"collection":[{"href":"https:\/\/lerubanjaune.fr\/index.php\/wp-json\/wp\/v2\/product"}],"about":[{"href":"https:\/\/lerubanjaune.fr\/index.php\/wp-json\/wp\/v2\/types\/product"}],"replies":[{"embeddable":true,"href":"https:\/\/lerubanjaune.fr\/index.php\/wp-json\/wp\/v2\/comments?post=1641"}],"wp:featuredmedia":[{"embeddable":true,"href":"https:\/\/lerubanjaune.fr\/index.php\/wp-json\/wp\/v2\/media\/1640"}],"wp:attachment":[{"href":"https:\/\/lerubanjaune.fr\/index.php\/wp-json\/wp\/v2\/media?parent=1641"}],"wp:term":[{"taxonomy":"product_cat","embeddable":true,"href":"https:\/\/lerubanjaune.fr\/index.php\/wp-json\/wp\/v2\/product_cat?post=1641"},{"taxonomy":"product_tag","embeddable":true,"href":"https:\/\/lerubanjaune.fr\/index.php\/wp-json\/wp\/v2\/product_tag?post=1641"}],"curies":[{"name":"wp","href":"https:\/\/api.w.org\/{rel}","templated":true}]}}