{"id":1639,"date":"2021-12-01T20:02:17","date_gmt":"2021-12-01T19:02:17","guid":{"rendered":"https:\/\/lerubanjaune.fr\/index.php\/produit\/pochette-a-volants-en-velours-et-bords-dores\/"},"modified":"2021-12-01T20:02:17","modified_gmt":"2021-12-01T19:02:17","slug":"pochette-a-volants-en-velours-et-bords-dores","status":"publish","type":"product","link":"https:\/\/lerubanjaune.fr\/index.php\/produit\/pochette-a-volants-en-velours-et-bords-dores\/","title":{"rendered":"Pochette \u00e0 volants en velours et bords dor\u00e9s"},"content":{"rendered":"<p>Envie de paillettes pour cette fin d&rsquo;ann\u00e9e ? <\/p>\n<p>Cette pochette en velours aux volants dor\u00e9s est parfaite pour prot\u00e9ger vos affaires.<\/p>\n<p>Mesurant 24X17cm elle pourra accueillir facilement votre livre de poche pr\u00e9f\u00e9r\u00e9 mais \u00e9galement vos bijoux, cosm\u00e9tiques ou encore une petite tablette.<\/p>\n<p>\u2728 Tissu en velours bleu nuit \/ int\u00e9rieur ouatin\u00e9 \/ doublure coton imprim\u00e9<\/p>\n<p>Craquez pour des finitions de qualit\u00e9s avec le rabat matelass\u00e9.<\/p>\n<p>\u26a1\ufe0f Fabrication artisanale &#038; limit\u00e9e pouvant l\u00e9g\u00e8rement varier de la photographie.<\/p>\n<p>\ud83d\udec1 Lavage doux \u00e0 30\u00b0C \/ Ne pas repasser ou utiliser un linge en coton dessus<\/p>\n","protected":false},"excerpt":{"rendered":"<p>Envie de paillettes pour cette fin d&rsquo;ann\u00e9e ? Cette pochette en velours aux volants dor\u00e9s est parfaite pour prot\u00e9ger vos affaires. Mesurant 24X17cm elle pourra accueillir facilement votre livre de&#8230;<\/p>\n","protected":false},"featured_media":1638,"comment_status":"open","ping_status":"closed","template":"","meta":[],"product_cat":[15],"product_tag":[30,29,31,32],"class_list":{"0":"post-1639","1":"product","2":"type-product","3":"status-publish","4":"has-post-thumbnail","6":"product_cat-non-classe","7":"product_tag-bords_dores","8":"product_tag-pochette_a_volants","9":"product_tag-pochette_cadeau","10":"product_tag-pochette_en_velours"},"_links":{"self":[{"href":"https:\/\/lerubanjaune.fr\/index.php\/wp-json\/wp\/v2\/product\/1639","targetHints":{"allow":["GET"]}}],"collection":[{"href":"https:\/\/lerubanjaune.fr\/index.php\/wp-json\/wp\/v2\/product"}],"about":[{"href":"https:\/\/lerubanjaune.fr\/index.php\/wp-json\/wp\/v2\/types\/product"}],"replies":[{"embeddable":true,"href":"https:\/\/lerubanjaune.fr\/index.php\/wp-json\/wp\/v2\/comments?post=1639"}],"wp:featuredmedia":[{"embeddable":true,"href":"https:\/\/lerubanjaune.fr\/index.php\/wp-json\/wp\/v2\/media\/1638"}],"wp:attachment":[{"href":"https:\/\/lerubanjaune.fr\/index.php\/wp-json\/wp\/v2\/media?parent=1639"}],"wp:term":[{"taxonomy":"product_cat","embeddable":true,"href":"https:\/\/lerubanjaune.fr\/index.php\/wp-json\/wp\/v2\/product_cat?post=1639"},{"taxonomy":"product_tag","embeddable":true,"href":"https:\/\/lerubanjaune.fr\/index.php\/wp-json\/wp\/v2\/product_tag?post=1639"}],"curies":[{"name":"wp","href":"https:\/\/api.w.org\/{rel}","templated":true}]}}