{"id":1637,"date":"2021-12-01T20:02:08","date_gmt":"2021-12-01T19:02:08","guid":{"rendered":"https:\/\/lerubanjaune.fr\/index.php\/produit\/cape-de-bain\/"},"modified":"2021-12-01T20:02:08","modified_gmt":"2021-12-01T19:02:08","slug":"cape-de-bain","status":"publish","type":"product","link":"https:\/\/lerubanjaune.fr\/index.php\/produit\/cape-de-bain\/","title":{"rendered":"Cape de bain"},"content":{"rendered":"<p>Quel bonheur de sentir la chaleur et la douceur sur sa peau apr\u00e8s un bain dans lequel on s&rsquo;est amus\u00e9 pendant de longues minutes \ud83d\udec1<\/p>\n<p>Gr\u00e2ce \u00e0 sa grande taille de 80X80cm et sa mati\u00e8re duveteuse, vos petits bambins seront les plus heureux du monde. <\/p>\n<p>\u2728 Couleur 1 &#8211; rennes bleu nuit \u2728<br \/>\nTissus capuche : 100% coton<br \/>\nTissu \u00e9ponge : 40%Polyester 40%Bambou 20%Coton<\/p>\n<p>\ud83d\udec1 Lavage doux \u00e0 30\u00b0C \/ repassage doux <\/p>\n<p>* Tous les tissus utilis\u00e9s sont certifi\u00e9s Oeko-tex pour garantir l&rsquo;absence de substances nocives pour la sant\u00e9, la peau et l&rsquo;environnement.<\/p>\n","protected":false},"excerpt":{"rendered":"<p>Quel bonheur de sentir la chaleur et la douceur sur sa peau apr\u00e8s un bain dans lequel on s&rsquo;est amus\u00e9 pendant de longues minutes \ud83d\udec1 Gr\u00e2ce \u00e0 sa grande taille&#8230;<\/p>\n","protected":false},"featured_media":1636,"comment_status":"open","ping_status":"closed","template":"","meta":[],"product_cat":[15],"product_tag":[],"class_list":{"0":"post-1637","1":"product","2":"type-product","3":"status-publish","4":"has-post-thumbnail","6":"product_cat-non-classe"},"_links":{"self":[{"href":"https:\/\/lerubanjaune.fr\/index.php\/wp-json\/wp\/v2\/product\/1637","targetHints":{"allow":["GET"]}}],"collection":[{"href":"https:\/\/lerubanjaune.fr\/index.php\/wp-json\/wp\/v2\/product"}],"about":[{"href":"https:\/\/lerubanjaune.fr\/index.php\/wp-json\/wp\/v2\/types\/product"}],"replies":[{"embeddable":true,"href":"https:\/\/lerubanjaune.fr\/index.php\/wp-json\/wp\/v2\/comments?post=1637"}],"wp:featuredmedia":[{"embeddable":true,"href":"https:\/\/lerubanjaune.fr\/index.php\/wp-json\/wp\/v2\/media\/1636"}],"wp:attachment":[{"href":"https:\/\/lerubanjaune.fr\/index.php\/wp-json\/wp\/v2\/media?parent=1637"}],"wp:term":[{"taxonomy":"product_cat","embeddable":true,"href":"https:\/\/lerubanjaune.fr\/index.php\/wp-json\/wp\/v2\/product_cat?post=1637"},{"taxonomy":"product_tag","embeddable":true,"href":"https:\/\/lerubanjaune.fr\/index.php\/wp-json\/wp\/v2\/product_tag?post=1637"}],"curies":[{"name":"wp","href":"https:\/\/api.w.org\/{rel}","templated":true}]}}