{"id":1635,"date":"2021-12-01T20:02:01","date_gmt":"2021-12-01T19:02:01","guid":{"rendered":"https:\/\/lerubanjaune.fr\/index.php\/produit\/bavoir-bebe\/"},"modified":"2021-12-01T20:02:01","modified_gmt":"2021-12-01T19:02:01","slug":"bavoir-bebe","status":"publish","type":"product","link":"https:\/\/lerubanjaune.fr\/index.php\/produit\/bavoir-bebe\/","title":{"rendered":"Bavoir b\u00e9b\u00e9"},"content":{"rendered":"<p>Prot\u00e9ger les v\u00eatements ! C&rsquo;est le r\u00f4le ultime du chevalier bavoir \u2694\ufe0f<\/p>\n<p>Il vous accompagnera dans les petits d\u00e9jeuners r\u00e9gurgit\u00e9s, les go\u00fbters un peu baveux et les d\u00eeners tumultueux.<\/p>\n<p>Pens\u00e9 et cousu pour absorber un maximum de nourriture \ud83c\udf52, il plaira \u00e9galement \u00e0 votre petit bout gr\u00e2ce \u00e0 sa douceur \u2601\ufe0f<\/p>\n<p>\u2728Couleur 1 &#8211; Feuillage gui bleu nuit \u2728<br \/>\nTissu \u00e0 motif : 100% coton<br \/>\nTissu \u00e9ponge : 40%Polyester 40%Bambou 20%Coton<\/p>\n<p>\ud83d\udec1 Lavage doux 30\u00b0C \/ repassage doux<\/p>\n<p>* Tous les tissus utilis\u00e9s sont certifi\u00e9s Oeko-tex pour garantir l&rsquo;absence de substances nocives pour la sant\u00e9, la peau et l&rsquo;environnement.<\/p>\n","protected":false},"excerpt":{"rendered":"<p>Prot\u00e9ger les v\u00eatements ! C&rsquo;est le r\u00f4le ultime du chevalier bavoir \u2694\ufe0f Il vous accompagnera dans les petits d\u00e9jeuners r\u00e9gurgit\u00e9s, les go\u00fbters un peu baveux et les d\u00eeners tumultueux. Pens\u00e9&#8230;<\/p>\n","protected":false},"featured_media":1634,"comment_status":"open","ping_status":"closed","template":"","meta":[],"product_cat":[15],"product_tag":[],"class_list":{"0":"post-1635","1":"product","2":"type-product","3":"status-publish","4":"has-post-thumbnail","6":"product_cat-non-classe"},"_links":{"self":[{"href":"https:\/\/lerubanjaune.fr\/index.php\/wp-json\/wp\/v2\/product\/1635","targetHints":{"allow":["GET"]}}],"collection":[{"href":"https:\/\/lerubanjaune.fr\/index.php\/wp-json\/wp\/v2\/product"}],"about":[{"href":"https:\/\/lerubanjaune.fr\/index.php\/wp-json\/wp\/v2\/types\/product"}],"replies":[{"embeddable":true,"href":"https:\/\/lerubanjaune.fr\/index.php\/wp-json\/wp\/v2\/comments?post=1635"}],"wp:featuredmedia":[{"embeddable":true,"href":"https:\/\/lerubanjaune.fr\/index.php\/wp-json\/wp\/v2\/media\/1634"}],"wp:attachment":[{"href":"https:\/\/lerubanjaune.fr\/index.php\/wp-json\/wp\/v2\/media?parent=1635"}],"wp:term":[{"taxonomy":"product_cat","embeddable":true,"href":"https:\/\/lerubanjaune.fr\/index.php\/wp-json\/wp\/v2\/product_cat?post=1635"},{"taxonomy":"product_tag","embeddable":true,"href":"https:\/\/lerubanjaune.fr\/index.php\/wp-json\/wp\/v2\/product_tag?post=1635"}],"curies":[{"name":"wp","href":"https:\/\/api.w.org\/{rel}","templated":true}]}}