{"id":1633,"date":"2021-12-01T20:01:53","date_gmt":"2021-12-01T19:01:53","guid":{"rendered":"https:\/\/lerubanjaune.fr\/index.php\/produit\/lot-de-lingettes-9x14-cm-corbeille-assortie\/"},"modified":"2021-12-01T20:01:53","modified_gmt":"2021-12-01T19:01:53","slug":"lot-de-lingettes-9x14-cm-corbeille-assortie","status":"publish","type":"product","link":"https:\/\/lerubanjaune.fr\/index.php\/produit\/lot-de-lingettes-9x14-cm-corbeille-assortie\/","title":{"rendered":"Lot de lingettes 9X14 cm &#038; corbeille assortie"},"content":{"rendered":"<p>Partez \u00e0 la rencontre de l&rsquo;essuyeur, \u00e9cuyer de la princesse-nettoyeuse, du royaume chatouilleux \ud83d\udc51. <\/p>\n<p>Utiliser ces lingettes duveteuses c&rsquo;est partir \u00e0 la rencontre d&rsquo;un univers magique gr\u00e2ce aux couleurs et aux motifs hypnotiques.<\/p>\n<p>Leurs grandes tailles de 9X14cm vous permettront une utilisation optimale.<\/p>\n<p>Et vous voulez conna\u00eetre le meilleur ? Elles ne sont bien \u00e9videmment pas r\u00e9serv\u00e9es seulement \u00e0 vos bambins.<br \/>\nVotre visage vous remerciera \u00e0 chaque nettoyage de prendre soin de lui avec douceur  \u2601\ufe0f<\/p>\n<p>Vous pouvez \u00e9galement les accompagner de leur corbeille assortie qui pourra accueillir jusqu&rsquo;\u00e0 21 lingettes.<\/p>\n<p>\u2728Couleur 1 &#8211; rennes bleu nuit \u2728<br \/>\nTissu \u00e0 motif et uni : 100% coton<br \/>\nTissu \u00e9ponge : 40%Polyester 40%Bambou 20%Coton<\/p>\n<p>1 lot = 7 lingettes<br \/>\nCorbeille assortie = bleu uni avec liser\u00e9 dor\u00e9<\/p>\n<p>\u2728Couleur 2 &#8211; Feuillage gui bleu nuit \u2728<br \/>\nTissu \u00e0 motif : 100% coton<br \/>\nTissu \u00e9ponge : 40%Polyester 40%Bambou 20%Coton<\/p>\n<p>1 lot = 7 lingettes<br \/>\nCorbeille assortie = imprim\u00e9e gui et uni<\/p>\n<p>\ud83d\udec1 Lavage doux 30\u00b0C \/ repassage doux<\/p>\n<p>* Tous les tissus utilis\u00e9s sont certifi\u00e9s Oeko-tex pour garantir l&rsquo;absence de substances nocives pour la sant\u00e9, la peau et l&rsquo;environnement.<\/p>\n","protected":false},"excerpt":{"rendered":"<p>Partez \u00e0 la rencontre de l&rsquo;essuyeur, \u00e9cuyer de la princesse-nettoyeuse, du royaume chatouilleux \ud83d\udc51. Utiliser ces lingettes duveteuses c&rsquo;est partir \u00e0 la rencontre d&rsquo;un univers magique gr\u00e2ce aux couleurs et&#8230;<\/p>\n","protected":false},"featured_media":1632,"comment_status":"open","ping_status":"closed","template":"","meta":[],"product_cat":[15],"product_tag":[],"class_list":{"0":"post-1633","1":"product","2":"type-product","3":"status-publish","4":"has-post-thumbnail","6":"product_cat-non-classe"},"_links":{"self":[{"href":"https:\/\/lerubanjaune.fr\/index.php\/wp-json\/wp\/v2\/product\/1633","targetHints":{"allow":["GET"]}}],"collection":[{"href":"https:\/\/lerubanjaune.fr\/index.php\/wp-json\/wp\/v2\/product"}],"about":[{"href":"https:\/\/lerubanjaune.fr\/index.php\/wp-json\/wp\/v2\/types\/product"}],"replies":[{"embeddable":true,"href":"https:\/\/lerubanjaune.fr\/index.php\/wp-json\/wp\/v2\/comments?post=1633"}],"wp:featuredmedia":[{"embeddable":true,"href":"https:\/\/lerubanjaune.fr\/index.php\/wp-json\/wp\/v2\/media\/1632"}],"wp:attachment":[{"href":"https:\/\/lerubanjaune.fr\/index.php\/wp-json\/wp\/v2\/media?parent=1633"}],"wp:term":[{"taxonomy":"product_cat","embeddable":true,"href":"https:\/\/lerubanjaune.fr\/index.php\/wp-json\/wp\/v2\/product_cat?post=1633"},{"taxonomy":"product_tag","embeddable":true,"href":"https:\/\/lerubanjaune.fr\/index.php\/wp-json\/wp\/v2\/product_tag?post=1633"}],"curies":[{"name":"wp","href":"https:\/\/api.w.org\/{rel}","templated":true}]}}